{"id":11815,"date":"2018-06-28T13:54:12","date_gmt":"2018-06-28T11:54:12","guid":{"rendered":"http:\/\/localhost\/wordpress\/?page_id=11815"},"modified":"2023-02-22T11:29:08","modified_gmt":"2023-02-22T10:29:08","slug":"impressum","status":"publish","type":"page","link":"https:\/\/www.schreiber-weinert.de\/en\/impressum\/","title":{"rendered":"Impressum"},"content":{"rendered":"<h2>Verantwortlich f\u00fcr diese Website:<\/h2>\n<p>SCHREIBER + WEINERT GmbH<\/p>\n<p>Gro\u00df-Buchholzer Stra\u00dfe 11<br \/>\n30655 Hannover<br \/>\nDeutschland<\/p>\n<p>Telefon: +49 (0)511\/955 733 0<br \/>\nFax: +49 (0)511\/955 733 66<br \/>\nE-Mail: info@schreiber-weinert.de<\/p>\n<p>Gesch\u00e4ftsf\u00fchrer:<br \/>\nIngo F. Schreiber,\u00a0M.B.A.<\/p>\n<p>Handelsregister: Amtsgericht Hannover, HRB 0850<\/p>\n<p>Umsatzsteuer-Identifikationsnummer: DE 115646863<\/p>\n<p>&nbsp;<\/p>\n<p><strong>Berufshaftpflichtversicherung:<\/strong><br \/>\nAXA Versicherungs AG<br \/>\nPostfach 920136<br \/>\n51151 K\u00f6ln<br \/>\nDer r\u00e4umliche Geltungsbereich des Versicherungsschutzes umfasst T\u00e4tigkeiten in der Europ\u00e4ischen Union.<\/p>\n<p>Die Europ\u00e4ische Kommission stellt eine Plattform zur Online-Streitbeilegung (OS) bereit, die Sie hier finden <a href=\"https:\/\/ec.europa.eu\/consumers\/odr\/\" target=\"_blank\" rel=\"noopener\">https:\/\/ec.europa.eu\/consumers\/odr\/<\/a>.<br \/>\nZur Teilnahme an einem Streitbeilegungsverfahren vor einer Verbraucherschlichtungsstelle sind wir nicht verpflichtet und nicht bereit.<\/p>\n","protected":false},"excerpt":{"rendered":"<p>Verantwortlich f\u00fcr diese Website: SCHREIBER + WEINERT GmbH Gro\u00df-Buchholzer Stra\u00dfe 11 30655 Hannover Deutschland Telefon: [&hellip;]<\/p>\n","protected":false},"author":6,"featured_media":0,"parent":0,"menu_order":0,"comment_status":"closed","ping_status":"closed","template":"","meta":{"footnotes":""},"class_list":["post-11815","page","type-page","status-publish","hentry"],"yoast_head":"<!-- This site is optimized with the Yoast SEO plugin v25.6 - https:\/\/yoast.com\/wordpress\/plugins\/seo\/ -->\n<title>Impressum - schreiber-weinert.de<\/title>\n<meta name=\"robots\" content=\"index, follow, max-snippet:-1, max-image-preview:large, max-video-preview:-1\" \/>\n<link rel=\"canonical\" href=\"https:\/\/www.schreiber-weinert.de\/impressum\/\" \/>\n<meta property=\"og:locale\" content=\"en_US\" \/>\n<meta property=\"og:type\" content=\"article\" \/>\n<meta property=\"og:title\" content=\"Impressum - schreiber-weinert.de\" \/>\n<meta property=\"og:description\" content=\"Verantwortlich f\u00fcr diese Website: SCHREIBER + WEINERT GmbH Gro\u00df-Buchholzer Stra\u00dfe 11 30655 Hannover Deutschland Telefon: [&hellip;]\" \/>\n<meta property=\"og:url\" content=\"https:\/\/www.schreiber-weinert.de\/impressum\/\" \/>\n<meta property=\"og:site_name\" content=\"schreiber-weinert.de\" \/>\n<meta property=\"article:modified_time\" content=\"2023-02-22T10:29:08+00:00\" \/>\n<meta name=\"twitter:card\" content=\"summary_large_image\" \/>\n<meta name=\"twitter:label1\" content=\"Est. reading time\" \/>\n\t<meta name=\"twitter:data1\" content=\"1 minute\" \/>\n<script type=\"application\/ld+json\" class=\"yoast-schema-graph\">{\"@context\":\"https:\/\/schema.org\",\"@graph\":[{\"@type\":\"WebPage\",\"@id\":\"https:\/\/www.schreiber-weinert.de\/impressum\/\",\"url\":\"https:\/\/www.schreiber-weinert.de\/impressum\/\",\"name\":\"Impressum - schreiber-weinert.de\",\"isPartOf\":{\"@id\":\"https:\/\/www.schreiber-weinert.de\/#website\"},\"datePublished\":\"2018-06-28T11:54:12+00:00\",\"dateModified\":\"2023-02-22T10:29:08+00:00\",\"breadcrumb\":{\"@id\":\"https:\/\/www.schreiber-weinert.de\/impressum\/#breadcrumb\"},\"inLanguage\":\"en-US\",\"potentialAction\":[{\"@type\":\"ReadAction\",\"target\":[\"https:\/\/www.schreiber-weinert.de\/impressum\/\"]}]},{\"@type\":\"BreadcrumbList\",\"@id\":\"https:\/\/www.schreiber-weinert.de\/impressum\/#breadcrumb\",\"itemListElement\":[{\"@type\":\"ListItem\",\"position\":1,\"name\":\"Startseite\",\"item\":\"https:\/\/www.schreiber-weinert.de\/\"},{\"@type\":\"ListItem\",\"position\":2,\"name\":\"Impressum\"}]},{\"@type\":\"WebSite\",\"@id\":\"https:\/\/www.schreiber-weinert.de\/#website\",\"url\":\"https:\/\/www.schreiber-weinert.de\/\",\"name\":\"schreiber-weinert.de\",\"description\":\"Schreiber + Weinert GmbH\",\"potentialAction\":[{\"@type\":\"SearchAction\",\"target\":{\"@type\":\"EntryPoint\",\"urlTemplate\":\"https:\/\/www.schreiber-weinert.de\/?s={search_term_string}\"},\"query-input\":{\"@type\":\"PropertyValueSpecification\",\"valueRequired\":true,\"valueName\":\"search_term_string\"}}],\"inLanguage\":\"en-US\"}]}<\/script>\n<!-- \/ Yoast SEO plugin. -->","yoast_head_json":{"title":"Impressum - schreiber-weinert.de","robots":{"index":"index","follow":"follow","max-snippet":"max-snippet:-1","max-image-preview":"max-image-preview:large","max-video-preview":"max-video-preview:-1"},"canonical":"https:\/\/www.schreiber-weinert.de\/impressum\/","og_locale":"en_US","og_type":"article","og_title":"Impressum - schreiber-weinert.de","og_description":"Verantwortlich f\u00fcr diese Website: SCHREIBER + WEINERT GmbH Gro\u00df-Buchholzer Stra\u00dfe 11 30655 Hannover Deutschland Telefon: [&hellip;]","og_url":"https:\/\/www.schreiber-weinert.de\/impressum\/","og_site_name":"schreiber-weinert.de","article_modified_time":"2023-02-22T10:29:08+00:00","twitter_card":"summary_large_image","twitter_misc":{"Est. reading time":"1 minute"},"schema":{"@context":"https:\/\/schema.org","@graph":[{"@type":"WebPage","@id":"https:\/\/www.schreiber-weinert.de\/impressum\/","url":"https:\/\/www.schreiber-weinert.de\/impressum\/","name":"Impressum - schreiber-weinert.de","isPartOf":{"@id":"https:\/\/www.schreiber-weinert.de\/#website"},"datePublished":"2018-06-28T11:54:12+00:00","dateModified":"2023-02-22T10:29:08+00:00","breadcrumb":{"@id":"https:\/\/www.schreiber-weinert.de\/impressum\/#breadcrumb"},"inLanguage":"en-US","potentialAction":[{"@type":"ReadAction","target":["https:\/\/www.schreiber-weinert.de\/impressum\/"]}]},{"@type":"BreadcrumbList","@id":"https:\/\/www.schreiber-weinert.de\/impressum\/#breadcrumb","itemListElement":[{"@type":"ListItem","position":1,"name":"Startseite","item":"https:\/\/www.schreiber-weinert.de\/"},{"@type":"ListItem","position":2,"name":"Impressum"}]},{"@type":"WebSite","@id":"https:\/\/www.schreiber-weinert.de\/#website","url":"https:\/\/www.schreiber-weinert.de\/","name":"schreiber-weinert.de","description":"Schreiber + Weinert GmbH","potentialAction":[{"@type":"SearchAction","target":{"@type":"EntryPoint","urlTemplate":"https:\/\/www.schreiber-weinert.de\/?s={search_term_string}"},"query-input":{"@type":"PropertyValueSpecification","valueRequired":true,"valueName":"search_term_string"}}],"inLanguage":"en-US"}]}},"_links":{"self":[{"href":"https:\/\/www.schreiber-weinert.de\/en\/wp-json\/wp\/v2\/pages\/11815","targetHints":{"allow":["GET"]}}],"collection":[{"href":"https:\/\/www.schreiber-weinert.de\/en\/wp-json\/wp\/v2\/pages"}],"about":[{"href":"https:\/\/www.schreiber-weinert.de\/en\/wp-json\/wp\/v2\/types\/page"}],"author":[{"embeddable":true,"href":"https:\/\/www.schreiber-weinert.de\/en\/wp-json\/wp\/v2\/users\/6"}],"replies":[{"embeddable":true,"href":"https:\/\/www.schreiber-weinert.de\/en\/wp-json\/wp\/v2\/comments?post=11815"}],"version-history":[{"count":7,"href":"https:\/\/www.schreiber-weinert.de\/en\/wp-json\/wp\/v2\/pages\/11815\/revisions"}],"predecessor-version":[{"id":15083,"href":"https:\/\/www.schreiber-weinert.de\/en\/wp-json\/wp\/v2\/pages\/11815\/revisions\/15083"}],"wp:attachment":[{"href":"https:\/\/www.schreiber-weinert.de\/en\/wp-json\/wp\/v2\/media?parent=11815"}],"curies":[{"name":"wp","href":"https:\/\/api.w.org\/{rel}","templated":true}]}}